{"id":15,"date":"2025-04-08T01:36:42","date_gmt":"2025-04-08T01:36:42","guid":{"rendered":"https:\/\/projetos.agenciaprismatag.com.br\/ibere\/?page_id=15"},"modified":"2025-04-09T17:57:20","modified_gmt":"2025-04-09T17:57:20","slug":"about-us","status":"publish","type":"page","link":"https:\/\/iberewater.com\/pt\/about-us\/","title":{"rendered":"Sobre n\u00f3s"},"content":{"rendered":"<div data-elementor-type=\"wp-page\" data-elementor-id=\"15\" class=\"elementor elementor-15\" data-elementor-post-type=\"page\">\n\t\t\t\t<div class=\"elementor-element elementor-element-56bd0e1 e-con-full e-flex e-con e-parent\" data-id=\"56bd0e1\" data-element_type=\"container\" data-e-type=\"container\" data-settings=\"{&quot;background_background&quot;:&quot;video&quot;,&quot;background_video_link&quot;:&quot;https:\\\/\\\/iberewater.com\\\/wp-content\\\/uploads\\\/2025\\\/04\\\/fd-titulo-final.mp4&quot;,&quot;background_play_on_mobile&quot;:&quot;yes&quot;}\">\n\t\t<div class=\"elementor-background-video-container\">\n\t\t\t\t\t\t\t<video class=\"elementor-background-video-hosted\" role=\"presentation\" autoplay muted playsinline loop><\/video>\n\t\t\t\t\t<\/div>\t\t<div class=\"elementor-element elementor-element-0167969 elementor-widget elementor-widget-heading\" data-id=\"0167969\" data-element_type=\"widget\" data-e-type=\"widget\" data-widget_type=\"heading.default\">\n\t\t\t\t<div class=\"elementor-widget-container\">\n\t\t\t\t\t<h2 class=\"elementor-heading-title elementor-size-default\">Sobre n\u00f3s<\/h2>\t\t\t\t<\/div>\n\t\t\t\t<\/div>\n\t\t\t\t<\/div>\n\t\t<div class=\"elementor-element elementor-element-b5fa24d e-con-full e-flex e-con e-parent\" data-id=\"b5fa24d\" data-element_type=\"container\" data-e-type=\"container\">\n\t\t\t\t<div class=\"elementor-element elementor-element-fee401f elementor-widget elementor-widget-text-editor\" data-id=\"fee401f\" data-element_type=\"widget\" data-e-type=\"widget\" data-widget_type=\"text-editor.default\">\n\t\t\t\t<div class=\"elementor-widget-container\">\n\t\t\t\t\t\t\t\t\t<p>Iber\u00ea Water is a beverage company specializing in creating a premium line of sparkling waters infused with the vibrant, exotic flavors of tropical fruits native to Brazil. Our signature product line features effervescent waters that combine the refreshing fizz of sparkling water with the natural, bold flavors of tropical fruits like guaran\u00e1, a\u00e7a\u00ed, passionfruit, and cashew, all sourced sustainably from Brazil\u2019s rich and diverse ecosystems. Each can offers a unique taste experience that transports the consumer to the heart of the Brazilian tropics\u2014without any added sugars, artificial flavors, or preservatives.<\/p>\t\t\t\t\t\t\t\t<\/div>\n\t\t\t\t<\/div>\n\t\t\t\t<\/div>\n\t\t\t\t<\/div>","protected":false},"excerpt":{"rendered":"<p>Iber\u00ea Water is a beverage company specializing in creating a premium line of sparkling waters infused with the vibrant, exotic flavors of tropical fruits native to Brazil. Our signature product line features effervescent waters that combine the refreshing fizz of sparkling water with the natural, bold flavors of tropical fruits like guaran\u00e1, a\u00e7a\u00ed, passionfruit, and [&hellip;]<\/p>","protected":false},"author":1,"featured_media":0,"parent":0,"menu_order":3,"comment_status":"closed","ping_status":"closed","template":"elementor_header_footer","meta":{"googlesitekit_rrm_CAowrvDbCw:productID":"","inline_featured_image":false,"footnotes":""},"class_list":["post-15","page","type-page","status-publish","hentry"],"yoast_head":"<!-- This site is optimized with the Yoast SEO plugin v25.2 - https:\/\/yoast.com\/wordpress\/plugins\/seo\/ -->\n<title>About us - Ibere Water<\/title>\n<meta name=\"robots\" content=\"index, follow, max-snippet:-1, max-image-preview:large, max-video-preview:-1\" \/>\n<link rel=\"canonical\" href=\"https:\/\/iberewater.com\/pt\/about-us\/\" \/>\n<meta property=\"og:locale\" content=\"pt_BR\" \/>\n<meta property=\"og:type\" content=\"article\" \/>\n<meta property=\"og:title\" content=\"About us - Ibere Water\" \/>\n<meta property=\"og:description\" content=\"Iber\u00ea Water is a beverage company specializing in creating a premium line of sparkling waters infused with the vibrant, exotic flavors of tropical fruits native to Brazil. Our signature product line features effervescent waters that combine the refreshing fizz of sparkling water with the natural, bold flavors of tropical fruits like guaran\u00e1, a\u00e7a\u00ed, passionfruit, and [&hellip;]\" \/>\n<meta property=\"og:url\" content=\"https:\/\/iberewater.com\/pt\/about-us\/\" \/>\n<meta property=\"og:site_name\" content=\"Ibere Water\" \/>\n<meta property=\"article:modified_time\" content=\"2025-04-09T17:57:20+00:00\" \/>\n<meta name=\"twitter:card\" content=\"summary_large_image\" \/>\n<script type=\"application\/ld+json\" class=\"yoast-schema-graph\">{\"@context\":\"https:\/\/schema.org\",\"@graph\":[{\"@type\":\"WebPage\",\"@id\":\"https:\/\/iberewater.com\/about-us\/\",\"url\":\"https:\/\/iberewater.com\/about-us\/\",\"name\":\"About us - Ibere Water\",\"isPartOf\":{\"@id\":\"https:\/\/iberewater.com\/#website\"},\"datePublished\":\"2025-04-08T01:36:42+00:00\",\"dateModified\":\"2025-04-09T17:57:20+00:00\",\"breadcrumb\":{\"@id\":\"https:\/\/iberewater.com\/about-us\/#breadcrumb\"},\"inLanguage\":\"pt-BR\",\"potentialAction\":[{\"@type\":\"ReadAction\",\"target\":[\"https:\/\/iberewater.com\/about-us\/\"]}]},{\"@type\":\"BreadcrumbList\",\"@id\":\"https:\/\/iberewater.com\/about-us\/#breadcrumb\",\"itemListElement\":[{\"@type\":\"ListItem\",\"position\":1,\"name\":\"Home\",\"item\":\"https:\/\/iberewater.com\/\"},{\"@type\":\"ListItem\",\"position\":2,\"name\":\"About us\"}]},{\"@type\":\"WebSite\",\"@id\":\"https:\/\/iberewater.com\/#website\",\"url\":\"https:\/\/iberewater.com\/\",\"name\":\"Ibere Walter\",\"description\":\"Ekob\u00e9 Water is a beverage company specializing in creating a premium line of sparkling waters infused with the vibrant, exotic flavors of tropical fruits native to Brazil.\",\"publisher\":{\"@id\":\"https:\/\/iberewater.com\/#organization\"},\"potentialAction\":[{\"@type\":\"SearchAction\",\"target\":{\"@type\":\"EntryPoint\",\"urlTemplate\":\"https:\/\/iberewater.com\/?s={search_term_string}\"},\"query-input\":{\"@type\":\"PropertyValueSpecification\",\"valueRequired\":true,\"valueName\":\"search_term_string\"}}],\"inLanguage\":\"pt-BR\"},{\"@type\":\"Organization\",\"@id\":\"https:\/\/iberewater.com\/#organization\",\"name\":\"Ibere Walter\",\"url\":\"https:\/\/iberewater.com\/\",\"logo\":{\"@type\":\"ImageObject\",\"inLanguage\":\"pt-BR\",\"@id\":\"https:\/\/iberewater.com\/#\/schema\/logo\/image\/\",\"url\":\"https:\/\/iberewater.com\/wp-content\/uploads\/2025\/04\/logo_ibere.png\",\"contentUrl\":\"https:\/\/iberewater.com\/wp-content\/uploads\/2025\/04\/logo_ibere.png\",\"width\":3592,\"height\":1256,\"caption\":\"Ibere Walter\"},\"image\":{\"@id\":\"https:\/\/iberewater.com\/#\/schema\/logo\/image\/\"}}]}<\/script>\n<!-- \/ Yoast SEO plugin. -->","yoast_head_json":{"title":"About us - Ibere Water","robots":{"index":"index","follow":"follow","max-snippet":"max-snippet:-1","max-image-preview":"max-image-preview:large","max-video-preview":"max-video-preview:-1"},"canonical":"https:\/\/iberewater.com\/pt\/about-us\/","og_locale":"pt_BR","og_type":"article","og_title":"About us - Ibere Water","og_description":"Iber\u00ea Water is a beverage company specializing in creating a premium line of sparkling waters infused with the vibrant, exotic flavors of tropical fruits native to Brazil. Our signature product line features effervescent waters that combine the refreshing fizz of sparkling water with the natural, bold flavors of tropical fruits like guaran\u00e1, a\u00e7a\u00ed, passionfruit, and [&hellip;]","og_url":"https:\/\/iberewater.com\/pt\/about-us\/","og_site_name":"Ibere Water","article_modified_time":"2025-04-09T17:57:20+00:00","twitter_card":"summary_large_image","schema":{"@context":"https:\/\/schema.org","@graph":[{"@type":"WebPage","@id":"https:\/\/iberewater.com\/about-us\/","url":"https:\/\/iberewater.com\/about-us\/","name":"About us - Ibere Water","isPartOf":{"@id":"https:\/\/iberewater.com\/#website"},"datePublished":"2025-04-08T01:36:42+00:00","dateModified":"2025-04-09T17:57:20+00:00","breadcrumb":{"@id":"https:\/\/iberewater.com\/about-us\/#breadcrumb"},"inLanguage":"pt-BR","potentialAction":[{"@type":"ReadAction","target":["https:\/\/iberewater.com\/about-us\/"]}]},{"@type":"BreadcrumbList","@id":"https:\/\/iberewater.com\/about-us\/#breadcrumb","itemListElement":[{"@type":"ListItem","position":1,"name":"Home","item":"https:\/\/iberewater.com\/"},{"@type":"ListItem","position":2,"name":"About us"}]},{"@type":"WebSite","@id":"https:\/\/iberewater.com\/#website","url":"https:\/\/iberewater.com\/","name":"Ibere Walter","description":"Ekob\u00e9 Water is a beverage company specializing in creating a premium line of sparkling waters infused with the vibrant, exotic flavors of tropical fruits native to Brazil.","publisher":{"@id":"https:\/\/iberewater.com\/#organization"},"potentialAction":[{"@type":"SearchAction","target":{"@type":"EntryPoint","urlTemplate":"https:\/\/iberewater.com\/?s={search_term_string}"},"query-input":{"@type":"PropertyValueSpecification","valueRequired":true,"valueName":"search_term_string"}}],"inLanguage":"pt-BR"},{"@type":"Organization","@id":"https:\/\/iberewater.com\/#organization","name":"Ibere Walter","url":"https:\/\/iberewater.com\/","logo":{"@type":"ImageObject","inLanguage":"pt-BR","@id":"https:\/\/iberewater.com\/#\/schema\/logo\/image\/","url":"https:\/\/iberewater.com\/wp-content\/uploads\/2025\/04\/logo_ibere.png","contentUrl":"https:\/\/iberewater.com\/wp-content\/uploads\/2025\/04\/logo_ibere.png","width":3592,"height":1256,"caption":"Ibere Walter"},"image":{"@id":"https:\/\/iberewater.com\/#\/schema\/logo\/image\/"}}]}},"_links":{"self":[{"href":"https:\/\/iberewater.com\/pt\/wp-json\/wp\/v2\/pages\/15","targetHints":{"allow":["GET"]}}],"collection":[{"href":"https:\/\/iberewater.com\/pt\/wp-json\/wp\/v2\/pages"}],"about":[{"href":"https:\/\/iberewater.com\/pt\/wp-json\/wp\/v2\/types\/page"}],"author":[{"embeddable":true,"href":"https:\/\/iberewater.com\/pt\/wp-json\/wp\/v2\/users\/1"}],"replies":[{"embeddable":true,"href":"https:\/\/iberewater.com\/pt\/wp-json\/wp\/v2\/comments?post=15"}],"version-history":[{"count":49,"href":"https:\/\/iberewater.com\/pt\/wp-json\/wp\/v2\/pages\/15\/revisions"}],"predecessor-version":[{"id":388,"href":"https:\/\/iberewater.com\/pt\/wp-json\/wp\/v2\/pages\/15\/revisions\/388"}],"wp:attachment":[{"href":"https:\/\/iberewater.com\/pt\/wp-json\/wp\/v2\/media?parent=15"}],"curies":[{"name":"wp","href":"https:\/\/api.w.org\/{rel}","templated":true}]}}